 {"id":1752,"date":"2022-02-17T10:45:39","date_gmt":"2022-02-17T09:45:39","guid":{"rendered":"https:\/\/www.insalus.es\/clausulas\/"},"modified":"2022-04-04T12:04:54","modified_gmt":"2022-04-04T11:04:54","slug":"clauses","status":"publish","type":"page","link":"https:\/\/www.insalus.es\/en\/clauses\/","title":{"rendered":"Clauses"},"content":{"rendered":"<section class=\"container\">\r\n\t\r\n\t<main class=\"module-sm\">\r\n\t\t<h2>A.- CL\u00c1USULA DE INFORMACI\u00d3N Y CONSENTIMIENTO<\/h2>\r\n\r\n\t\t<h3>MODELO DE CL\u00c1USULA PARA INCORPORAR A LOS FORMULARIOS DE TOMA, CONTRATOS y PRESUPUESTOS:<\/h3>\r\n\r\n\t\t<p>Sus datos personales se incorporan a ficheros y tratamientos de los que es responsable <strong>AGUA DE INSALUS SA.<\/strong>, siendo su legitimaci\u00f3n la ejecuci\u00f3n de un contrato de compraventa o la prestaci\u00f3n de un servicio y su finalidad la gesti\u00f3n contable, fiscal y administrativa, el mantenimiento de la relaci\u00f3n y el ofrecimiento de otros productos y servicios por cualquier medio, siendo obligatorio su consentimiento. De no prestarlo, la operaci\u00f3n o el servicio no podr\u00e1 realizarse. Estos datos se conservar\u00e1n por tiempo indefinido en tanto no manifieste su voluntad en contra.<\/p>\r\n\r\n\t\t<p>Sus datos no se ceder\u00e1n a ninguna entidad sin su consentimiento salvo las cesiones previstas legalmente.<\/p>\r\n\r\n\t\t<p>Podr\u00e1 ejercitar los derechos de acceso, rectificaci\u00f3n, limitaci\u00f3n de tratamiento, supresi\u00f3n, portabilidad y oposici\u00f3n al tratamiento as\u00ed como revocar el consentimiento prestado, dirigiendo escrito con copia de su DNI a  Kondeko Aldapa 5B, 20400 Tolosa (Gipuzkoa). Tambi\u00e9n podr\u00e1 en caso de no ver atendidos sus derechos presentar su reclamaci\u00f3n a la Agencia Espa\u00f1ola de Protecci\u00f3n de Datos. Encontrar\u00e1 informaci\u00f3n detallada sobre el tratamiento de sus datos personales en el apartado <a href=\"https:\/\/www.insalus.es\/en\/politica-de-privacidad\/\" target=\"_blank\" rel=\"noopener\">\u201cdeclaraci\u00f3n de privacidad extensa\u201d<\/a> en <a href=\"https:\/\/www.insalus.es\/en\/\" target=\"_blank\" rel=\"noopener\">www.insalus.es<\/a> <\/p>\r\n\r\n\t\t<hr>\r\n\r\n\t\t<h2>B.- CL\u00c1USULA PARA INCORPORAR A LAS FACTURAS <\/h2>\r\n\r\n\t\t<p>Los datos personales que constan en este documento  est\u00e1n tratados en ficheros cuya finalidad  es la gesti\u00f3n de clientes contable, fiscal y administrativa, el mantenimiento de la relaci\u00f3n y el ofrecimiento de productos y servicios, y del que es responsable <strong>AGUA DE INSALUS SA.<\/strong> con domicilio en Kondeko Aldapa 5B, 20400 Tolosa (Gipuzkoa), ante quien podr\u00e1 ejercitar sus derechos dirigiendo escrito con copia de su D.N.I. Encontrar\u00e1 informaci\u00f3n detallada sobre el tratamiento de sus datos personales en el apartado <a href=\"https:\/\/www.insalus.es\/en\/politica-de-privacidad\/\" target=\"_blank\" rel=\"noopener\">\u201cdeclaraci\u00f3n de privacidad extensa\u201d<\/a> en <a href=\"https:\/\/www.insalus.es\/en\/\" target=\"_blank\" rel=\"noopener\">www.insalus.es<\/a><\/p>\r\n\r\n\t<\/main>\r\n\r\n<\/section>","protected":false},"excerpt":{"rendered":"<p>A.- CL\u00c1USULA DE INFORMACI\u00d3N Y CONSENTIMIENTO MODELO DE CL\u00c1USULA PARA INCORPORAR A LOS FORMULARIOS DE TOMA, CONTRATOS y PRESUPUESTOS: Sus datos personales se incorporan a ficheros y tratamientos de los que es responsable AGUA DE INSALUS SA., siendo su legitimaci\u00f3n la ejecuci\u00f3n de un contrato de compraventa o la prestaci\u00f3n de un servicio y su [&hellip;]<\/p>\n","protected":false},"author":1,"featured_media":0,"parent":0,"menu_order":0,"comment_status":"closed","ping_status":"closed","template":"templates\/page-light-hero.php","meta":{"_acf_changed":false,"footnotes":""},"class_list":["post-1752","page","type-page","status-publish","hentry"],"acf":[],"yoast_head":"<!-- This site is optimized with the Yoast SEO plugin v27.4 - https:\/\/yoast.com\/product\/yoast-seo-wordpress\/ -->\n<title>Clauses - Insalus<\/title>\n<meta name=\"robots\" content=\"index, follow, max-snippet:-1, max-image-preview:large, max-video-preview:-1\" \/>\n<link rel=\"canonical\" href=\"https:\/\/www.insalus.es\/en\/clauses\/\" \/>\n<meta property=\"og:locale\" content=\"en_US\" \/>\n<meta property=\"og:type\" content=\"article\" \/>\n<meta property=\"og:title\" content=\"Clauses - Insalus\" \/>\n<meta property=\"og:description\" content=\"A.- CL\u00c1USULA DE INFORMACI\u00d3N Y CONSENTIMIENTO MODELO DE CL\u00c1USULA PARA INCORPORAR A LOS FORMULARIOS DE TOMA, CONTRATOS y PRESUPUESTOS: Sus datos personales se incorporan a ficheros y tratamientos de los que es responsable AGUA DE INSALUS SA., siendo su legitimaci\u00f3n la ejecuci\u00f3n de un contrato de compraventa o la prestaci\u00f3n de un servicio y su [&hellip;]\" \/>\n<meta property=\"og:url\" content=\"https:\/\/www.insalus.es\/en\/clauses\/\" \/>\n<meta property=\"og:site_name\" content=\"Insalus\" \/>\n<meta property=\"article:modified_time\" content=\"2022-04-04T11:04:54+00:00\" \/>\n<meta name=\"twitter:card\" content=\"summary_large_image\" \/>\n<meta name=\"twitter:label1\" content=\"Est. reading time\" \/>\n\t<meta name=\"twitter:data1\" content=\"2 minutes\" \/>\n<script type=\"application\/ld+json\" class=\"yoast-schema-graph\">{\"@context\":\"https:\\\/\\\/schema.org\",\"@graph\":[{\"@type\":\"WebPage\",\"@id\":\"https:\\\/\\\/www.insalus.es\\\/en\\\/clauses\\\/\",\"url\":\"https:\\\/\\\/www.insalus.es\\\/en\\\/clauses\\\/\",\"name\":\"Clauses - Insalus\",\"isPartOf\":{\"@id\":\"https:\\\/\\\/www.insalus.es\\\/#website\"},\"datePublished\":\"2022-02-17T09:45:39+00:00\",\"dateModified\":\"2022-04-04T11:04:54+00:00\",\"breadcrumb\":{\"@id\":\"https:\\\/\\\/www.insalus.es\\\/en\\\/clauses\\\/#breadcrumb\"},\"inLanguage\":\"en-US\",\"potentialAction\":[{\"@type\":\"ReadAction\",\"target\":[\"https:\\\/\\\/www.insalus.es\\\/en\\\/clauses\\\/\"]}]},{\"@type\":\"BreadcrumbList\",\"@id\":\"https:\\\/\\\/www.insalus.es\\\/en\\\/clauses\\\/#breadcrumb\",\"itemListElement\":[{\"@type\":\"ListItem\",\"position\":1,\"name\":\"Portada\",\"item\":\"https:\\\/\\\/www.insalus.es\\\/en\\\/\"},{\"@type\":\"ListItem\",\"position\":2,\"name\":\"Clauses\"}]},{\"@type\":\"WebSite\",\"@id\":\"https:\\\/\\\/www.insalus.es\\\/#website\",\"url\":\"https:\\\/\\\/www.insalus.es\\\/\",\"name\":\"Insalus\",\"description\":\"\",\"potentialAction\":[{\"@type\":\"SearchAction\",\"target\":{\"@type\":\"EntryPoint\",\"urlTemplate\":\"https:\\\/\\\/www.insalus.es\\\/?s={search_term_string}\"},\"query-input\":{\"@type\":\"PropertyValueSpecification\",\"valueRequired\":true,\"valueName\":\"search_term_string\"}}],\"inLanguage\":\"en-US\"}]}<\/script>\n<!-- \/ Yoast SEO plugin. -->","yoast_head_json":{"title":"Clauses - Insalus","robots":{"index":"index","follow":"follow","max-snippet":"max-snippet:-1","max-image-preview":"max-image-preview:large","max-video-preview":"max-video-preview:-1"},"canonical":"https:\/\/www.insalus.es\/en\/clauses\/","og_locale":"en_US","og_type":"article","og_title":"Clauses - Insalus","og_description":"A.- CL\u00c1USULA DE INFORMACI\u00d3N Y CONSENTIMIENTO MODELO DE CL\u00c1USULA PARA INCORPORAR A LOS FORMULARIOS DE TOMA, CONTRATOS y PRESUPUESTOS: Sus datos personales se incorporan a ficheros y tratamientos de los que es responsable AGUA DE INSALUS SA., siendo su legitimaci\u00f3n la ejecuci\u00f3n de un contrato de compraventa o la prestaci\u00f3n de un servicio y su [&hellip;]","og_url":"https:\/\/www.insalus.es\/en\/clauses\/","og_site_name":"Insalus","article_modified_time":"2022-04-04T11:04:54+00:00","twitter_card":"summary_large_image","twitter_misc":{"Est. reading time":"2 minutes"},"schema":{"@context":"https:\/\/schema.org","@graph":[{"@type":"WebPage","@id":"https:\/\/www.insalus.es\/en\/clauses\/","url":"https:\/\/www.insalus.es\/en\/clauses\/","name":"Clauses - Insalus","isPartOf":{"@id":"https:\/\/www.insalus.es\/#website"},"datePublished":"2022-02-17T09:45:39+00:00","dateModified":"2022-04-04T11:04:54+00:00","breadcrumb":{"@id":"https:\/\/www.insalus.es\/en\/clauses\/#breadcrumb"},"inLanguage":"en-US","potentialAction":[{"@type":"ReadAction","target":["https:\/\/www.insalus.es\/en\/clauses\/"]}]},{"@type":"BreadcrumbList","@id":"https:\/\/www.insalus.es\/en\/clauses\/#breadcrumb","itemListElement":[{"@type":"ListItem","position":1,"name":"Portada","item":"https:\/\/www.insalus.es\/en\/"},{"@type":"ListItem","position":2,"name":"Clauses"}]},{"@type":"WebSite","@id":"https:\/\/www.insalus.es\/#website","url":"https:\/\/www.insalus.es\/","name":"Insalus","description":"","potentialAction":[{"@type":"SearchAction","target":{"@type":"EntryPoint","urlTemplate":"https:\/\/www.insalus.es\/?s={search_term_string}"},"query-input":{"@type":"PropertyValueSpecification","valueRequired":true,"valueName":"search_term_string"}}],"inLanguage":"en-US"}]}},"_links":{"self":[{"href":"https:\/\/www.insalus.es\/en\/wp-json\/wp\/v2\/pages\/1752","targetHints":{"allow":["GET"]}}],"collection":[{"href":"https:\/\/www.insalus.es\/en\/wp-json\/wp\/v2\/pages"}],"about":[{"href":"https:\/\/www.insalus.es\/en\/wp-json\/wp\/v2\/types\/page"}],"author":[{"embeddable":true,"href":"https:\/\/www.insalus.es\/en\/wp-json\/wp\/v2\/users\/1"}],"replies":[{"embeddable":true,"href":"https:\/\/www.insalus.es\/en\/wp-json\/wp\/v2\/comments?post=1752"}],"version-history":[{"count":3,"href":"https:\/\/www.insalus.es\/en\/wp-json\/wp\/v2\/pages\/1752\/revisions"}],"predecessor-version":[{"id":2093,"href":"https:\/\/www.insalus.es\/en\/wp-json\/wp\/v2\/pages\/1752\/revisions\/2093"}],"wp:attachment":[{"href":"https:\/\/www.insalus.es\/en\/wp-json\/wp\/v2\/media?parent=1752"}],"curies":[{"name":"wp","href":"https:\/\/api.w.org\/{rel}","templated":true}]}}