 {"id":1734,"date":"2021-11-26T11:39:30","date_gmt":"2021-11-26T10:39:30","guid":{"rendered":"https:\/\/www.insalus.es\/politica-de-privacidad\/"},"modified":"2025-05-13T15:15:13","modified_gmt":"2025-05-13T14:15:13","slug":"politique-de-confidentialite","status":"publish","type":"page","link":"https:\/\/www.insalus.es\/fr\/politique-de-confidentialite\/","title":{"rendered":"Politique de confidencialit\u00e9"},"content":{"rendered":"<section class=\"container\">\u00a0\r\n<h2>QUI EST RESPONSABLE DU TRAITEMENT DE VOS DONN\u00c9ES?<\/h2>\r\n\r\n<ul>\r\n\t\t<li>Raison sociale : <strong>AGUA DE INSALUS SA<\/strong><\/li>\r\n\t\t<li>C.I.F.\/N.I.F. : <strong>A20000139<\/strong><\/li>\r\n\t\t<li>Adresse du si\u00e8ge social : <strong>Kondeko Aldapa 5B, 2B, 20400, Tolosa (Gipuzkoa)<\/strong><\/li>\r\n\t\t<li>Inscrite au registre du commerce du Gipuzkoa, feuille -SS 452, folio -180, volume -1991, section -8, premi\u00e8re inscription.<\/li>\r\n\t\t<li>T\u00e9l\u00e9phone : <strong>943659602<\/strong><\/li>\r\n\t\t<li>E-mail : <strong>insalus@insalus.es<\/strong><\/li>\r\n<\/ul>\r\n\r\n<hr>\r\n\r\n<h2>DANS QUEL BUT TRAITONS-NOUS VOS DONN\u00c9ES PERSONNELLES?<\/h2>\r\n<p>Conform\u00e9ment aux dispositions du R\u00e8glement UE 679\/2016 et de la Loi organique 3\/2018 du 5 d\u00e9cembre sur la protection des donn\u00e9es personnelles et la garantie des droits num\u00e9riques, nous vous informons que les donn\u00e9es personnelles que vous nous fournissez et celles qui sont g\u00e9n\u00e9r\u00e9es pendant le d\u00e9veloppement de la relation avec vous sont trait\u00e9es pour les finalit\u00e9s suivantes :<\/p>\r\n<ul style=\"padding-left: 21px; list-style: circle\">\r\n\r\n      <li>\r\n         Donn\u00e9es fournies pour formaliser un achat et\/ou un service:\r\n         <ul style=\"padding-left: 21px; list-style: circle\">\r\n\t\t<li>G\u00e9rer, traiter, envoyer et suivre les achats et\/ou services effectu\u00e9s.<\/li>\r\n\t\t<li>Contacter l\u2019utilisateur pour finaliser le processus d\u2019achat.<\/li>\r\n\t\t<li>R\u00e9aliser des enqu\u00eates de qualit\u00e9 et de satisfaction.<\/li>\r\n\t\t<li>Envoyer des communications commerciales personnalis\u00e9es \u00e0 l\u2019utilisateur sur nos produits et services, par tout moyen mis \u00e0 notre disposition.<\/li>\r\n\t\t<li>R\u00e9aliser des analyses sur l\u2019utilisation du site Web et v\u00e9rifier les pr\u00e9f\u00e9rences et le comportement des utilisateurs.<\/li>\r\n\t\t<li>Permettre leur participation \u00e0 des promotions commerciales et\/ou \u00e0 des tirages au sort.<\/li>\r\n\t\t<li>Gestion comptable, fiscale et administrative.<\/li>\r\n         <\/ul>\r\n      <\/li>\r\n\r\n      <li>Donn\u00e9es fournies dans le cadre d\u2019un contact avec cette entit\u00e9:\r\n         <ul style=\"padding-left: 21px; list-style: circle\">\r\n\t\t<li>Pour g\u00e9rer, traiter et r\u00e9pondre \u00e0 vos demandes, requ\u00eates, incidents ou questions.<\/li>\r\n\t\t<li>Pour offrir des produits et des services.<\/li>\r\n\t\t<li>Pour r\u00e9aliser des analyses sur l\u2019utilisation du site Web et v\u00e9rifier les pr\u00e9f\u00e9rences et le comportement des utilisateurs.<\/li>\r\n         <\/ul>\r\n      <\/li>\r\n\r\n      <li>Donn\u00e9es fournies pour l\u2019envoi de la Newsletter:\r\n         <ul style=\"padding-left: 21px; list-style: circle\">\r\n\t\t<li>Gestion de l\u2019abonnement et\/ou du d\u00e9sabonnement \u00e0 la Newsletter.<\/li>\r\n\t\t<li>Offre de produits et de services.<\/li>\r\n\t\t<li>R\u00e9alisation d\u2019analyses sur l\u2019utilisation du site Web et v\u00e9rification des pr\u00e9f\u00e9rences et du comportement des utilisateurs.<\/li>\r\n         <\/ul>\r\n      <\/li>\r\n\r\n      <li>Donn\u00e9es fournies pour participer \u00e0 des processus de s\u00e9lection du personnel ou \u00e0 des candidatures spontan\u00e9es:\r\n         <ul style=\"padding-left: 21px; list-style: circle\">\r\n            <li>\u00c9valuer votre candidature dans le cadre des s\u00e9lections de personnel.<\/li>\r\n         <\/ul>\r\n      <\/li>  \r\n   <\/ul>\r\n   <hr>\r\n   <h3>Combien de temps conserverons-nous vos donn\u00e9es?<\/h3>\r\n   <p>Les donn\u00e9es personnelles fournies seront conserv\u00e9es aussi longtemps que leur suppression n\u2019est pas demand\u00e9e par l\u2019int\u00e9ress\u00e9 ou son repr\u00e9sentant l\u00e9gal, et aussi longtemps qu\u2019elles sont n\u00e9cessaires \u2013 y compris la n\u00e9cessit\u00e9 de les conserver pendant les d\u00e9lais de prescription applicables ou pertinents \u2013 aux fins pour lesquelles elles ont \u00e9t\u00e9 collect\u00e9es ou enregistr\u00e9es.<\/p>\r\n   <p>La conservation des donn\u00e9es est subordonn\u00e9e \u00e0 l\u2019obligation l\u00e9gale de AGUA DE INSALUS SA de les conserver. Une fois ces d\u00e9lais \u00e9coul\u00e9s, les donn\u00e9es seront d\u00e9truites ou supprim\u00e9es, et la suppression, l\u2019\u00e9limination ou la destruction sera effectu\u00e9e de mani\u00e8re \u00e0 ce que les informations contenues dans les supports ne puissent pas \u00eatre r\u00e9cup\u00e9r\u00e9es.<\/p>\r\n   <hr>\r\n   <h3>L\u00e9gitimit\u00e9<\/h3>\r\n   <p>La base l\u00e9gale du traitement de vos donn\u00e9es est le consentement donn\u00e9 par la personne concern\u00e9e. Ceci est obtenu de mani\u00e8re expresse et sans \u00e9quivoque par le remplissage et le cas \u00e9ch\u00e9ant l\u2019envoi des documents et formulaires sur papier ou \u00e9lectroniques dans lesquels vos donn\u00e9es sont collect\u00e9es. Dans tous les documents de l\u2019entit\u00e9, qui sont utilis\u00e9s pour collecter des donn\u00e9es pour les diff\u00e9rentes utilisations, il existe des clauses d\u2019information conformes \u00e0 ce qui est \u00e9tabli dans la r\u00e9glementation de protection des donn\u00e9es et le consentement se manifeste de mani\u00e8re expresse par la signature de la part de la personne concern\u00e9e, ou l\u2019envoi des formulaires existants sur le site.<\/p>\r\n   <p>Il est \u00e9galement l\u00e9gitime que le traitement soit n\u00e9cessaire \u00e0 l\u2019ex\u00e9cution d\u2019un contrat, ou \u00e0 la prestation d\u2019un service dont les personnes concern\u00e9es b\u00e9n\u00e9ficient, ou pour l\u2019application de mesures pr\u00e9contractuelles (art. 6.1 a et b RGPD).<\/p>\r\n   <p><strong>AGUA DE INSALUS SA<\/strong> est \u00e9galement autoris\u00e9e \u00e0 traiter vos donn\u00e9es dans le respect des obligations l\u00e9gales auxquelles elle est soumise et pour la satisfaction d\u2019int\u00e9r\u00eats l\u00e9gitimes, \u00e0 condition que les int\u00e9r\u00eats ou les droits fondamentaux des personnes concern\u00e9es ne pr\u00e9valent pas.<\/p>\r\n   <p>Si la cause de l\u00e9gitimation est le consentement, il peut \u00eatre r\u00e9voqu\u00e9 \u00e0 tout moment.<\/p>\r\n   <hr>\r\n   <h3>\u00c0 quels destinataires vos donn\u00e9es seront-elles communiqu\u00e9es?<\/h3>\r\n   <p>Vos donn\u00e9es ne seront pas c\u00e9d\u00e9es \u00e0 une entit\u00e9 sans votre consentement, sauf les transferts pr\u00e9vus par la loi, dans ce sens, votre consentement expr\u00e8s sera demand\u00e9 pour le transfert de vos donn\u00e9es \u00e0 toute autre entit\u00e9.<\/p>\r\n   <p>En raison des finalit\u00e9s autoris\u00e9es, vos donn\u00e9es pourront \u00eatre communiqu\u00e9es \u00e0 des entit\u00e9s ou personnes directement li\u00e9es \u00e0 AGUA DE INSALUS SA et aux services fournis par celle-ci. De m\u00eame, vos informations personnelles seront \u00e0 la disposition des Administrations publiques, Juges et Tribunaux, pour l\u2019attention des \u00e9ventuelles responsabilit\u00e9s n\u00e9es du traitement et dans la mesure o\u00f9 ces cessions sont couvertes par la loi.<\/p>\r\n   <p>Vos donn\u00e9es peuvent \u00e9galement \u00eatre c\u00e9d\u00e9es \u00e0 des entreprises qui nous fournissent certains services de conseil, maintenance informatique, marketing, formation ou audit. Ces entit\u00e9s n\u2019ont acc\u00e8s qu\u2019aux informations personnelles qui sont n\u00e9cessaires \u00e0 la r\u00e9alisation de ces services, en l\u2019exigeant par un contrat de \u00ab\u00a0traitement des donn\u00e9es\u00a0\u00bb qui maintiennent la confidentialit\u00e9, ne pas utiliser les informations \u00e0 d\u2019autres fins et prendre des mesures pour en assurer l\u2019int\u00e9grit\u00e9 et la disponibilit\u00e9.<\/p>\r\n   <p>Il n\u2019est pas pr\u00e9vu de transferts internationaux de donn\u00e9es en dehors de l\u2019espace de l\u2019Union europ\u00e9enne ou \u00e0 des entit\u00e9s qui ne respectent pas les normes en mati\u00e8re de protection des donn\u00e9es \u00e9tablies par le r\u00e8glement UE 679\/2016.<\/p>\r\n   <hr>\r\n   <h3>Quelles cat\u00e9gories de donn\u00e9es traite AGUA DE INSALUS SA?<\/h3>\r\n   <p>Les donn\u00e9es trait\u00e9es sont n\u00e9cessaires \u00e0 l\u2019accomplissement des finalit\u00e9s autoris\u00e9es par la personne utilisatrice.<\/p>\r\n   <ul style=\"padding-left: 21px;\">\r\n\r\n      <li style=\"list-style: circle\">\r\n         Pour formaliser un achat et\/ou un service:\r\n         <ul style=\"padding-left: 21px; list-style: circle\">\r\n\t\t<li>Donn\u00e9es d\u2019identification : nom, pr\u00e9nom et DNI.<\/li>\r\n\t\t<li>Coordonn\u00e9es : adresse e-mail, num\u00e9ro de t\u00e9l\u00e9phone et adresse postale.<\/li>\r\n\t\t<li>Transactions de biens et services : produits et services achet\u00e9s.<\/li>\r\n\t\t<li>Donn\u00e9es \u00e9conomiques et financi\u00e8res : carte bancaire.<\/li>\r\n\t\t<li>Donn\u00e9es de navigation.<\/li>\r\n         <\/ul>\r\n      <\/li>\r\n\r\n      <li style=\"list-style: circle\">\r\n         Donn\u00e9es fournies via le contact avec cette entit\u00e9:\r\n         <ul style=\"padding-left: 21px; list-style: circle\">\r\n\t\t<li>Donn\u00e9es d\u2019identification : nom et pr\u00e9nom.<\/li>\r\n\t\t<li>Coordonn\u00e9es : adresse \u00e9lectronique.<\/li>\r\n\t\t<li>Donn\u00e9es de navigation.<\/li>\r\n         <\/ul>\r\n      <\/li>\r\n\r\n      <li style=\"list-style: circle\">\r\n         Donn\u00e9es fournies pour l\u2019envoi de la newsletter:\r\n         <ul style=\"padding-left: 21px; list-style: circle\">\r\n\t\t<li>Donn\u00e9es d\u2019identification : nom et pr\u00e9nom.<\/li>\r\n\t\t<li>Coordonn\u00e9es : adresse \u00e9lectronique.<\/li>\r\n\t\t<li>Donn\u00e9es de navigation.<\/li>\r\n         <\/ul>\r\n      <\/li>\r\n\r\n      <li style=\"list-style: circle\">\r\n         Donn\u00e9es fournies pour participer \u00e0 des processus de s\u00e9lection du personnel ou candidatures spontan\u00e9es:\r\n         <ul style=\"padding-left: 21px; list-style: circle\">\r\n\t\t<li>Donn\u00e9es d\u2019identification : nom et pr\u00e9nom.<\/li>\r\n\t\t<li>Coordonn\u00e9es : adresse \u00e9lectronique.<\/li>\r\n\t\t<li>Donn\u00e9es de navigation.<\/li>\r\n\t\t<li>Tout autre contenu dans le programme.<\/li>\r\n         <\/ul>\r\n      <\/li>\r\n\r\n   <\/ul>\r\n   <p>Dans le cas o\u00f9 l\u2019utilisateur fournit des donn\u00e9es d\u2019autres personnes, il d\u00e9clare avoir le consentement de celles-ci et s\u2019engage \u00e0 leur transf\u00e9rer les informations contenues dans la politique de confidentialit\u00e9.<\/p>\r\n \r\n   <hr>\r\n   <h3>Quels sont vos droits?<\/h3>\r\n   <p>Toute personne a le droit d\u2019obtenir confirmation sur la question de savoir si AGUA DE INSALUS SA traite des donn\u00e9es personnelles qui la concernent, ou non.<\/p>\r\n   <p>Les personnes concern\u00e9es ont le droit d\u2019acc\u00e9der \u00e0 leurs donn\u00e9es personnelles et d\u2019obtenir une copie des donn\u00e9es personnelles trait\u00e9es, de les mettre \u00e0 jour, ainsi que de demander la rectification des donn\u00e9es inexactes ou, le cas \u00e9ch\u00e9ant, leur suppression lorsque Entre autres, les donn\u00e9es ne sont plus n\u00e9cessaires aux fins pour lesquelles elles ont \u00e9t\u00e9 collect\u00e9es.<\/p>\r\n   <p>Dans certaines circonstances et pour des raisons li\u00e9es \u00e0 leur situation particuli\u00e8re, les personnes concern\u00e9es peuvent s\u2019opposer au traitement de leurs donn\u00e9es. AGUA DE INSALUS SA cessera de traiter les donn\u00e9es, sauf pour des motifs l\u00e9gitimes, ou l\u2019exercice ou la d\u00e9fense d\u2019\u00e9ventuelles r\u00e9clamations.<\/p>\r\n   <p>\u00c9galement dans certaines circonstances, pr\u00e9vues \u00e0 l\u2019article 18 RGPD, les personnes concern\u00e9es peuvent demander la limitation du traitement de leurs donn\u00e9es, auquel cas AGUA DE INSALUS SA les traitera, \u00e0 l\u2019exception de leur conservation, avec le consentement de la personne concern\u00e9e ou pour la formulation, l\u2019exercice ou la d\u00e9fense de r\u00e9clamations, ou en vue de la protection des droits d\u2019une autre personne physique ou morale ou pour des raisons d\u2019int\u00e9r\u00eat public important de l\u2019Union ou d\u2019un \u00c9tat membre d\u00e9termin\u00e9.<\/p>\r\n   <p>En raison de l\u2019application du droit \u00e0 la suppression ou opposition au traitement des donn\u00e9es personnelles dans l\u2019environnement en ligne, les personnes\/s concern\u00e9es ont le droit \u00e0 l\u2019oubli selon la jurisprudence de la Cour de justice de l\u2019UE.<\/p>\r\n   <p>En vertu du droit \u00e0 la portabilit\u00e9, les personnes concern\u00e9es ont le droit d\u2019obtenir les donn\u00e9es personnelles les concernant dans un format structur\u00e9, couramment utilis\u00e9 et lisible par machine et de les transmettre \u00e0 un autre responsable.<\/p>\r\n   <p>Toute personne concern\u00e9e a le droit de ne pas faire l\u2019objet d\u2019une d\u00e9cision fond\u00e9e uniquement sur un traitement automatis\u00e9, y compris le profilage, qui produirait des effets juridiques sur elle ou la toucherait de mani\u00e8re significative, sauf exceptions pr\u00e9vues \u00e0 l\u2019article 22.1 RGPD.<\/p>\r\n   <p>La personne concern\u00e9e a le droit \u00e0 l\u2019effacement de ses donn\u00e9es, par disparition de la finalit\u00e9 ayant motiv\u00e9 le traitement ou la collecte, par r\u00e9vocation du consentement lorsque celui-ci l\u00e9gitime le traitement, ou pour les autres motifs \u00e9nonc\u00e9s \u00e0 l\u2019article 17 du RGPD. La suppression sera effectu\u00e9e en proc\u00e9dant \u00e0 l\u2019effacement de haut niveau des donn\u00e9es contenues dans les supports automatis\u00e9s et \u00e0 la destruction physique des supports non automatis\u00e9s.<\/p>\r\n   <hr>\r\n   <h3>Comment les droits peuvent-ils \u00eatre exerc\u00e9s?<\/h3>\r\n   <p>Par lettre adress\u00e9e aux adresses indiqu\u00e9es dans l\u2019en-t\u00eate.<\/p>\r\n   <hr>\r\n   <h3>Quelles sont les voies de recours?<\/h3>\r\n   <p>Si vous estimez que vos droits n\u2019ont pas \u00e9t\u00e9 d\u00fbment respect\u00e9s, vous pouvez d\u00e9poser une plainte aupr\u00e8s de l\u2019Agence espagnole pour la protection des donn\u00e9es, dont les coordonn\u00e9es sont les suivantes : T\u00e9l\u00e9phones : 900 293 183 \/ 900 293 621. Si\u00e8ge \u00e9lectronique : https:\/\/sedeagpd.gob.es\/sede-electronica-web\/vistas\/infoSede\/inicioCiudadano.jsf Adresse postale : C\/ Jorge Juan, 6, 28001, Madrid.<\/p>\r\n   \u00a0\r\n\r\n<\/section>","protected":false},"excerpt":{"rendered":"<p>\u00a0 QUI EST RESPONSABLE DU TRAITEMENT DE VOS DONN\u00c9ES? Raison sociale : AGUA DE INSALUS SA C.I.F.\/N.I.F. : A20000139 Adresse du si\u00e8ge social : Kondeko Aldapa 5B, 2B, 20400, Tolosa (Gipuzkoa) Inscrite au registre du commerce du Gipuzkoa, feuille -SS 452, folio -180, volume -1991, section -8, premi\u00e8re inscription. T\u00e9l\u00e9phone : 943659602 E-mail : insalus@insalus.es [&hellip;]<\/p>\n","protected":false},"author":1,"featured_media":0,"parent":0,"menu_order":0,"comment_status":"closed","ping_status":"closed","template":"","meta":{"_acf_changed":false,"footnotes":""},"class_list":["post-1734","page","type-page","status-publish","hentry"],"acf":[],"yoast_head":"<!-- This site is optimized with the Yoast SEO plugin v27.4 - https:\/\/yoast.com\/product\/yoast-seo-wordpress\/ -->\n<title>Politique de confidencialit\u00e9 - Insalus<\/title>\n<meta name=\"robots\" content=\"index, follow, max-snippet:-1, max-image-preview:large, max-video-preview:-1\" \/>\n<link rel=\"canonical\" href=\"https:\/\/www.insalus.es\/fr\/politique-de-confidentialite\/\" \/>\n<meta property=\"og:locale\" content=\"fr_FR\" \/>\n<meta property=\"og:type\" content=\"article\" \/>\n<meta property=\"og:title\" content=\"Politique de confidencialit\u00e9 - Insalus\" \/>\n<meta property=\"og:description\" content=\"\u00a0 QUI EST RESPONSABLE DU TRAITEMENT DE VOS DONN\u00c9ES? Raison sociale : AGUA DE INSALUS SA C.I.F.\/N.I.F. : A20000139 Adresse du si\u00e8ge social : Kondeko Aldapa 5B, 2B, 20400, Tolosa (Gipuzkoa) Inscrite au registre du commerce du Gipuzkoa, feuille -SS 452, folio -180, volume -1991, section -8, premi\u00e8re inscription. T\u00e9l\u00e9phone : 943659602 E-mail : insalus@insalus.es [&hellip;]\" \/>\n<meta property=\"og:url\" content=\"https:\/\/www.insalus.es\/fr\/politique-de-confidentialite\/\" \/>\n<meta property=\"og:site_name\" content=\"Insalus\" \/>\n<meta property=\"article:modified_time\" content=\"2025-05-13T14:15:13+00:00\" \/>\n<meta name=\"twitter:card\" content=\"summary_large_image\" \/>\n<meta name=\"twitter:label1\" content=\"Dur\u00e9e de lecture estim\u00e9e\" \/>\n\t<meta name=\"twitter:data1\" content=\"7 minutes\" \/>\n<script type=\"application\/ld+json\" class=\"yoast-schema-graph\">{\"@context\":\"https:\\\/\\\/schema.org\",\"@graph\":[{\"@type\":\"WebPage\",\"@id\":\"https:\\\/\\\/www.insalus.es\\\/fr\\\/politique-de-confidentialite\\\/\",\"url\":\"https:\\\/\\\/www.insalus.es\\\/fr\\\/politique-de-confidentialite\\\/\",\"name\":\"Politique de confidencialit\u00e9 - Insalus\",\"isPartOf\":{\"@id\":\"https:\\\/\\\/www.insalus.es\\\/#website\"},\"datePublished\":\"2021-11-26T10:39:30+00:00\",\"dateModified\":\"2025-05-13T14:15:13+00:00\",\"breadcrumb\":{\"@id\":\"https:\\\/\\\/www.insalus.es\\\/fr\\\/politique-de-confidentialite\\\/#breadcrumb\"},\"inLanguage\":\"fr-FR\",\"potentialAction\":[{\"@type\":\"ReadAction\",\"target\":[\"https:\\\/\\\/www.insalus.es\\\/fr\\\/politique-de-confidentialite\\\/\"]}]},{\"@type\":\"BreadcrumbList\",\"@id\":\"https:\\\/\\\/www.insalus.es\\\/fr\\\/politique-de-confidentialite\\\/#breadcrumb\",\"itemListElement\":[{\"@type\":\"ListItem\",\"position\":1,\"name\":\"Portada\",\"item\":\"https:\\\/\\\/www.insalus.es\\\/fr\\\/\"},{\"@type\":\"ListItem\",\"position\":2,\"name\":\"Politique de confidencialit\u00e9\"}]},{\"@type\":\"WebSite\",\"@id\":\"https:\\\/\\\/www.insalus.es\\\/#website\",\"url\":\"https:\\\/\\\/www.insalus.es\\\/\",\"name\":\"Insalus\",\"description\":\"\",\"potentialAction\":[{\"@type\":\"SearchAction\",\"target\":{\"@type\":\"EntryPoint\",\"urlTemplate\":\"https:\\\/\\\/www.insalus.es\\\/?s={search_term_string}\"},\"query-input\":{\"@type\":\"PropertyValueSpecification\",\"valueRequired\":true,\"valueName\":\"search_term_string\"}}],\"inLanguage\":\"fr-FR\"}]}<\/script>\n<!-- \/ Yoast SEO plugin. -->","yoast_head_json":{"title":"Politique de confidencialit\u00e9 - Insalus","robots":{"index":"index","follow":"follow","max-snippet":"max-snippet:-1","max-image-preview":"max-image-preview:large","max-video-preview":"max-video-preview:-1"},"canonical":"https:\/\/www.insalus.es\/fr\/politique-de-confidentialite\/","og_locale":"fr_FR","og_type":"article","og_title":"Politique de confidencialit\u00e9 - Insalus","og_description":"\u00a0 QUI EST RESPONSABLE DU TRAITEMENT DE VOS DONN\u00c9ES? Raison sociale : AGUA DE INSALUS SA C.I.F.\/N.I.F. : A20000139 Adresse du si\u00e8ge social : Kondeko Aldapa 5B, 2B, 20400, Tolosa (Gipuzkoa) Inscrite au registre du commerce du Gipuzkoa, feuille -SS 452, folio -180, volume -1991, section -8, premi\u00e8re inscription. T\u00e9l\u00e9phone : 943659602 E-mail : insalus@insalus.es [&hellip;]","og_url":"https:\/\/www.insalus.es\/fr\/politique-de-confidentialite\/","og_site_name":"Insalus","article_modified_time":"2025-05-13T14:15:13+00:00","twitter_card":"summary_large_image","twitter_misc":{"Dur\u00e9e de lecture estim\u00e9e":"7 minutes"},"schema":{"@context":"https:\/\/schema.org","@graph":[{"@type":"WebPage","@id":"https:\/\/www.insalus.es\/fr\/politique-de-confidentialite\/","url":"https:\/\/www.insalus.es\/fr\/politique-de-confidentialite\/","name":"Politique de confidencialit\u00e9 - Insalus","isPartOf":{"@id":"https:\/\/www.insalus.es\/#website"},"datePublished":"2021-11-26T10:39:30+00:00","dateModified":"2025-05-13T14:15:13+00:00","breadcrumb":{"@id":"https:\/\/www.insalus.es\/fr\/politique-de-confidentialite\/#breadcrumb"},"inLanguage":"fr-FR","potentialAction":[{"@type":"ReadAction","target":["https:\/\/www.insalus.es\/fr\/politique-de-confidentialite\/"]}]},{"@type":"BreadcrumbList","@id":"https:\/\/www.insalus.es\/fr\/politique-de-confidentialite\/#breadcrumb","itemListElement":[{"@type":"ListItem","position":1,"name":"Portada","item":"https:\/\/www.insalus.es\/fr\/"},{"@type":"ListItem","position":2,"name":"Politique de confidencialit\u00e9"}]},{"@type":"WebSite","@id":"https:\/\/www.insalus.es\/#website","url":"https:\/\/www.insalus.es\/","name":"Insalus","description":"","potentialAction":[{"@type":"SearchAction","target":{"@type":"EntryPoint","urlTemplate":"https:\/\/www.insalus.es\/?s={search_term_string}"},"query-input":{"@type":"PropertyValueSpecification","valueRequired":true,"valueName":"search_term_string"}}],"inLanguage":"fr-FR"}]}},"_links":{"self":[{"href":"https:\/\/www.insalus.es\/fr\/wp-json\/wp\/v2\/pages\/1734","targetHints":{"allow":["GET"]}}],"collection":[{"href":"https:\/\/www.insalus.es\/fr\/wp-json\/wp\/v2\/pages"}],"about":[{"href":"https:\/\/www.insalus.es\/fr\/wp-json\/wp\/v2\/types\/page"}],"author":[{"embeddable":true,"href":"https:\/\/www.insalus.es\/fr\/wp-json\/wp\/v2\/users\/1"}],"replies":[{"embeddable":true,"href":"https:\/\/www.insalus.es\/fr\/wp-json\/wp\/v2\/comments?post=1734"}],"version-history":[{"count":7,"href":"https:\/\/www.insalus.es\/fr\/wp-json\/wp\/v2\/pages\/1734\/revisions"}],"predecessor-version":[{"id":3151,"href":"https:\/\/www.insalus.es\/fr\/wp-json\/wp\/v2\/pages\/1734\/revisions\/3151"}],"wp:attachment":[{"href":"https:\/\/www.insalus.es\/fr\/wp-json\/wp\/v2\/media?parent=1734"}],"curies":[{"name":"wp","href":"https:\/\/api.w.org\/{rel}","templated":true}]}}