 {"id":1759,"date":"2021-11-26T11:39:06","date_gmt":"2021-11-26T10:39:06","guid":{"rendered":"https:\/\/www.insalus.es\/aviso-legal\/"},"modified":"2025-05-13T15:34:13","modified_gmt":"2025-05-13T14:34:13","slug":"avis-juridique","status":"publish","type":"page","link":"https:\/\/www.insalus.es\/fr\/avis-juridique\/","title":{"rendered":"Avis juridique"},"content":{"rendered":"<section class=\"container\">\u00a0\r\n\t<div class=\"row\">\r\n\t\t<h2>Coordonn\u00e9es du responsable<\/h2>\r\n\t\tConform\u00e9ment \u00e0 l\u2019article 10 de la loi 34\/2002, du 11 juillet, sur les services de la soci\u00e9t\u00e9 de l\u2019information et le commerce \u00e9lectronique, les donn\u00e9es d\u2019identification du responsable sont les suivantes.\r\n\t\t<ul>\r\n\t\t\t<li>Raison sociale : <strong>AGUA DE INSALUS SA<\/strong><\/li>\r\n\t\t\t<li>C.I.F.\/N.I.F. : <strong>A20000139<\/strong><\/li>\r\n\t\t\t<li>Adresse du si\u00e8ge social : <strong>Kondeko Aldapa 5B, 2B, 20400 Tolosa (Gipuzkoa)<\/strong><\/li>\r\n\t\t\t<li>Inscrit au registre du commerce de Gipuzkoa, feuille -SS 452, folio -180, volume -1991, section -8, premi\u00e8re inscription.<\/li>\r\n\t\t\t<li>T\u00e9l\u00e9phone : <strong>943659602<\/strong><\/li>\r\n\t\t\t<li>Courriel : <strong>insalus@insalus.es<\/strong><\/li>\r\n\t\t<\/ul>\r\n\r\n\t\t<hr>\r\n\r\n\t\t<h2>Droits de propri\u00e9t\u00e9 intellectuelle<\/h2>\r\n\t\t<p>Le code source, la conception graphique, les images, les photographies, les sons, les animations, les logiciels, les textes, ainsi que les informations et les contenus inclus dans ce site Web sont prot\u00e9g\u00e9s par la l\u00e9gislation espagnole sur les droits de propri\u00e9t\u00e9 intellectuelle et industrielle en faveur d\u2019AGUA DE INSALUS SA et ne peuvent \u00eatre reproduits et\/ou publi\u00e9s, la reproduction et\/ou la publication totale ou partielle du site Web, son traitement informatique, sa distribution, sa diffusion, sa modification, sa transformation ou sa d\u00e9compilation, ou tout autre droit l\u00e9galement reconnu du propri\u00e9taire, sans l\u2019autorisation \u00e9crite pr\u00e9alable d\u2019<strong>AGUA DE INSALUS SA.<\/strong><\/p>\r\n\r\n\t\t<p>L\u2019utilisateur peut uniquement et exclusivement utiliser le mat\u00e9riel qui appara\u00eet sur ce site web pour son usage personnel et priv\u00e9, et il est interdit de l\u2019utiliser \u00e0 des fins commerciales ou pour des activit\u00e9s ill\u00e9gales. Tous les droits de propri\u00e9t\u00e9 intellectuelle sont express\u00e9ment r\u00e9serv\u00e9s par <strong>AGUA DE INSALUS SA.<\/strong><\/p>\r\n\r\n\t\t<p><strong>AGUA DE INSALUS SA<\/strong> veillera au respect des conditions susmentionn\u00e9es, ainsi qu\u2019\u00e0 l\u2019utilisation correcte des contenus pr\u00e9sent\u00e9s sur son site web, en prenant les mesures civiles ou p\u00e9nales qui s\u2019imposent en cas d\u2019infraction ou de non-respect de ces droits par l\u2019utilisateur.<\/p>\r\n\r\n\t\t<hr>\r\n\r\n\t\t<h2>Protection des donn\u00e9es personnelles<\/h2>\r\n\t\tVous trouverez des informations d\u00e9taill\u00e9es sur le traitement de vos donn\u00e9es dans la section \u201cPolitique de confidentialit\u00e9\u201d de ce site web.\r\n\t\t<hr>\r\n\r\n\t\t<h2>Divers<\/h2>\r\n\t\t<p>A.- <strong>AGUA DE INSALUS SA.<\/strong> peut modifier, sans pr\u00e9avis, les informations contenues dans son site web, ainsi que sa configuration et sa pr\u00e9sentation.<\/p>\r\n\t\t<p>\r\n\t\tB.- <strong>AGUA DE INSALUS SA.<\/strong> s\u2019engage \u00e0 NE PAS FAIRE DE PUBLICIT\u00c9 MENSONG\u00c8RE. \u00c0 cet effet, la publicit\u00e9 mensong\u00e8re n\u2019inclut pas les erreurs formelles ou num\u00e9riques qui peuvent se trouver dans les diff\u00e9rentes sections du site web d\u2019AGUA DE INSALUS SA, caus\u00e9es par une maintenance ou une mise \u00e0 jour incompl\u00e8te ou d\u00e9fectueuse de l\u2019information contenue dans ces sections. AGUA DE INSALUS SA, conform\u00e9ment au pr\u00e9sent paragraphe, s\u2019engage \u00e0 corriger ces d\u00e9fauts d\u00e8s qu\u2019elle en a connaissance.<\/p>\r\n\t\t<p>\r\n\t\tC.- <strong>AGUA DE INSALUS SA.<\/strong> s\u2019engage \u00e0 NE PAS ENVOYER DE CORRESPONDANCE PUBLICITAIRE SANS L\u2019IDENTIFIER COMME TELLE, conform\u00e9ment \u00e0 la loi 34\/2002 sur les services de la soci\u00e9t\u00e9 de l\u2019information et du commerce \u00e9lectronique. \u00c0 cet effet, toutes les informations envoy\u00e9es aux parties int\u00e9ress\u00e9es ne seront pas consid\u00e9r\u00e9es comme des communications commerciales, \u00e0 condition qu\u2019elles aient pour but de maintenir la relation existante, ainsi que l\u2019ex\u00e9cution des t\u00e2ches d\u2019information et d\u2019autres activit\u00e9s de l\u2019entit\u00e9.<\/p>\r\n\t\t<p>\r\n\t\tD.- <strong>AGUA DE INSALUS SA.<\/strong> n\u2019est pas responsable du non-respect de toute norme applicable par l\u2019utilisateur dans son acc\u00e8s \u00e0 ce site web et\/ou dans l\u2019utilisation de l\u2019information contenue dans le site web.<\/p>\r\n\t\t<p>\r\n\t\tE.- <strong>AGUA DE INSALUS SA.<\/strong> ne sera pas responsable des dommages, quelle qu\u2019en soit la nature, d\u00e9riv\u00e9s de l\u2019utilisation de l\u2019information, du contenu de ce site web et des programmes qui y sont inclus. Les liens et les hypertextes qui, \u00e0 travers le site web, permettent \u00e0 l\u2019utilisateur d\u2019acc\u00e9der \u00e0 des fonctionnalit\u00e9s et \u00e0 des services offerts par des tiers, n\u2019appartiennent pas \u00e0 AGUA DE INSALUS SA et ne sont pas sous son contr\u00f4le. L\u2019entreprise n\u2019est pas responsable de l\u2019information contenue dans ces derniers ni de tout effet pouvant d\u00e9couler de cette information.<\/p>\r\n\t\t<p>\r\n\t\tF.- <strong>AGUA DE INSALUS SA.<\/strong> n\u2019est pas responsable de l\u2019utilisation ill\u00e9gitime que des tiers pourraient faire des marques, des noms de produits et des noms commerciaux qui ne sont pas la propri\u00e9t\u00e9 d\u2019AGUA DE INSALUS SA et qui apparaissent sur ce site web. L\u2019entreprise n\u2019est pas responsable de l\u2019int\u00e9grit\u00e9, de la v\u00e9racit\u00e9 et de la l\u00e9galit\u00e9 des contenus des liens web auxquels il est possible d\u2019acc\u00e9der depuis ce site web.<\/p>\r\n\t\t<p>\r\n\t\tG.- En d\u00e9finitive, l\u2019utilisateur est le seul responsable de l\u2019usage qu\u2019il fait des services, des contenus, des liens et des hypertextes inclus dans ce site web.<\/p>\r\n\t\t<br>\r\n\r\n\t\t\u00a0\r\n\t<\/div>\r\n\r\n<\/section>","protected":false},"excerpt":{"rendered":"<p>\u00a0 Coordonn\u00e9es du responsable Conform\u00e9ment \u00e0 l\u2019article 10 de la loi 34\/2002, du 11 juillet, sur les services de la soci\u00e9t\u00e9 de l\u2019information et le commerce \u00e9lectronique, les donn\u00e9es d\u2019identification du responsable sont les suivantes. Raison sociale : AGUA DE INSALUS SA C.I.F.\/N.I.F. : A20000139 Adresse du si\u00e8ge social : Kondeko Aldapa 5B, 2B, 20400 [&hellip;]<\/p>\n","protected":false},"author":1,"featured_media":0,"parent":0,"menu_order":0,"comment_status":"closed","ping_status":"closed","template":"","meta":{"_acf_changed":false,"footnotes":""},"class_list":["post-1759","page","type-page","status-publish","hentry"],"acf":[],"yoast_head":"<!-- This site is optimized with the Yoast SEO plugin v27.4 - https:\/\/yoast.com\/product\/yoast-seo-wordpress\/ -->\n<title>Avis juridique - Insalus<\/title>\n<meta name=\"robots\" content=\"index, follow, max-snippet:-1, max-image-preview:large, max-video-preview:-1\" \/>\n<link rel=\"canonical\" href=\"https:\/\/www.insalus.es\/fr\/avis-juridique\/\" \/>\n<meta property=\"og:locale\" content=\"fr_FR\" \/>\n<meta property=\"og:type\" content=\"article\" \/>\n<meta property=\"og:title\" content=\"Avis juridique - Insalus\" \/>\n<meta property=\"og:description\" content=\"\u00a0 Coordonn\u00e9es du responsable Conform\u00e9ment \u00e0 l\u2019article 10 de la loi 34\/2002, du 11 juillet, sur les services de la soci\u00e9t\u00e9 de l\u2019information et le commerce \u00e9lectronique, les donn\u00e9es d\u2019identification du responsable sont les suivantes. Raison sociale : AGUA DE INSALUS SA C.I.F.\/N.I.F. : A20000139 Adresse du si\u00e8ge social : Kondeko Aldapa 5B, 2B, 20400 [&hellip;]\" \/>\n<meta property=\"og:url\" content=\"https:\/\/www.insalus.es\/fr\/avis-juridique\/\" \/>\n<meta property=\"og:site_name\" content=\"Insalus\" \/>\n<meta property=\"article:modified_time\" content=\"2025-05-13T14:34:13+00:00\" \/>\n<meta name=\"twitter:card\" content=\"summary_large_image\" \/>\n<meta name=\"twitter:label1\" content=\"Dur\u00e9e de lecture estim\u00e9e\" \/>\n\t<meta name=\"twitter:data1\" content=\"4 minutes\" \/>\n<script type=\"application\/ld+json\" class=\"yoast-schema-graph\">{\"@context\":\"https:\\\/\\\/schema.org\",\"@graph\":[{\"@type\":\"WebPage\",\"@id\":\"https:\\\/\\\/www.insalus.es\\\/fr\\\/avis-juridique\\\/\",\"url\":\"https:\\\/\\\/www.insalus.es\\\/fr\\\/avis-juridique\\\/\",\"name\":\"Avis juridique - Insalus\",\"isPartOf\":{\"@id\":\"https:\\\/\\\/www.insalus.es\\\/#website\"},\"datePublished\":\"2021-11-26T10:39:06+00:00\",\"dateModified\":\"2025-05-13T14:34:13+00:00\",\"breadcrumb\":{\"@id\":\"https:\\\/\\\/www.insalus.es\\\/fr\\\/avis-juridique\\\/#breadcrumb\"},\"inLanguage\":\"fr-FR\",\"potentialAction\":[{\"@type\":\"ReadAction\",\"target\":[\"https:\\\/\\\/www.insalus.es\\\/fr\\\/avis-juridique\\\/\"]}]},{\"@type\":\"BreadcrumbList\",\"@id\":\"https:\\\/\\\/www.insalus.es\\\/fr\\\/avis-juridique\\\/#breadcrumb\",\"itemListElement\":[{\"@type\":\"ListItem\",\"position\":1,\"name\":\"Portada\",\"item\":\"https:\\\/\\\/www.insalus.es\\\/fr\\\/\"},{\"@type\":\"ListItem\",\"position\":2,\"name\":\"Avis juridique\"}]},{\"@type\":\"WebSite\",\"@id\":\"https:\\\/\\\/www.insalus.es\\\/#website\",\"url\":\"https:\\\/\\\/www.insalus.es\\\/\",\"name\":\"Insalus\",\"description\":\"\",\"potentialAction\":[{\"@type\":\"SearchAction\",\"target\":{\"@type\":\"EntryPoint\",\"urlTemplate\":\"https:\\\/\\\/www.insalus.es\\\/?s={search_term_string}\"},\"query-input\":{\"@type\":\"PropertyValueSpecification\",\"valueRequired\":true,\"valueName\":\"search_term_string\"}}],\"inLanguage\":\"fr-FR\"}]}<\/script>\n<!-- \/ Yoast SEO plugin. -->","yoast_head_json":{"title":"Avis juridique - Insalus","robots":{"index":"index","follow":"follow","max-snippet":"max-snippet:-1","max-image-preview":"max-image-preview:large","max-video-preview":"max-video-preview:-1"},"canonical":"https:\/\/www.insalus.es\/fr\/avis-juridique\/","og_locale":"fr_FR","og_type":"article","og_title":"Avis juridique - Insalus","og_description":"\u00a0 Coordonn\u00e9es du responsable Conform\u00e9ment \u00e0 l\u2019article 10 de la loi 34\/2002, du 11 juillet, sur les services de la soci\u00e9t\u00e9 de l\u2019information et le commerce \u00e9lectronique, les donn\u00e9es d\u2019identification du responsable sont les suivantes. Raison sociale : AGUA DE INSALUS SA C.I.F.\/N.I.F. : A20000139 Adresse du si\u00e8ge social : Kondeko Aldapa 5B, 2B, 20400 [&hellip;]","og_url":"https:\/\/www.insalus.es\/fr\/avis-juridique\/","og_site_name":"Insalus","article_modified_time":"2025-05-13T14:34:13+00:00","twitter_card":"summary_large_image","twitter_misc":{"Dur\u00e9e de lecture estim\u00e9e":"4 minutes"},"schema":{"@context":"https:\/\/schema.org","@graph":[{"@type":"WebPage","@id":"https:\/\/www.insalus.es\/fr\/avis-juridique\/","url":"https:\/\/www.insalus.es\/fr\/avis-juridique\/","name":"Avis juridique - Insalus","isPartOf":{"@id":"https:\/\/www.insalus.es\/#website"},"datePublished":"2021-11-26T10:39:06+00:00","dateModified":"2025-05-13T14:34:13+00:00","breadcrumb":{"@id":"https:\/\/www.insalus.es\/fr\/avis-juridique\/#breadcrumb"},"inLanguage":"fr-FR","potentialAction":[{"@type":"ReadAction","target":["https:\/\/www.insalus.es\/fr\/avis-juridique\/"]}]},{"@type":"BreadcrumbList","@id":"https:\/\/www.insalus.es\/fr\/avis-juridique\/#breadcrumb","itemListElement":[{"@type":"ListItem","position":1,"name":"Portada","item":"https:\/\/www.insalus.es\/fr\/"},{"@type":"ListItem","position":2,"name":"Avis juridique"}]},{"@type":"WebSite","@id":"https:\/\/www.insalus.es\/#website","url":"https:\/\/www.insalus.es\/","name":"Insalus","description":"","potentialAction":[{"@type":"SearchAction","target":{"@type":"EntryPoint","urlTemplate":"https:\/\/www.insalus.es\/?s={search_term_string}"},"query-input":{"@type":"PropertyValueSpecification","valueRequired":true,"valueName":"search_term_string"}}],"inLanguage":"fr-FR"}]}},"_links":{"self":[{"href":"https:\/\/www.insalus.es\/fr\/wp-json\/wp\/v2\/pages\/1759","targetHints":{"allow":["GET"]}}],"collection":[{"href":"https:\/\/www.insalus.es\/fr\/wp-json\/wp\/v2\/pages"}],"about":[{"href":"https:\/\/www.insalus.es\/fr\/wp-json\/wp\/v2\/types\/page"}],"author":[{"embeddable":true,"href":"https:\/\/www.insalus.es\/fr\/wp-json\/wp\/v2\/users\/1"}],"replies":[{"embeddable":true,"href":"https:\/\/www.insalus.es\/fr\/wp-json\/wp\/v2\/comments?post=1759"}],"version-history":[{"count":8,"href":"https:\/\/www.insalus.es\/fr\/wp-json\/wp\/v2\/pages\/1759\/revisions"}],"predecessor-version":[{"id":3153,"href":"https:\/\/www.insalus.es\/fr\/wp-json\/wp\/v2\/pages\/1759\/revisions\/3153"}],"wp:attachment":[{"href":"https:\/\/www.insalus.es\/fr\/wp-json\/wp\/v2\/media?parent=1759"}],"curies":[{"name":"wp","href":"https:\/\/api.w.org\/{rel}","templated":true}]}}